{"id":41,"date":"2022-01-21T13:57:08","date_gmt":"2022-01-21T13:57:08","guid":{"rendered":"http:\/\/sw-themes.com\/porto_dummy\/?page_id=41"},"modified":"2025-09-05T18:47:04","modified_gmt":"2025-09-05T21:47:04","slug":"about-us","status":"publish","type":"page","link":"https:\/\/lprlogistica.com.br\/index.php\/about-us\/","title":{"rendered":"Quem Somos"},"content":{"rendered":"<section class=\"wpb-content-wrapper\"><p>[vc_row wrap_container=&#8221;yes&#8221; el_class=&#8221;m-b-xxl&#8221; css=&#8221;.vc_custom_1643074542591{margin-top: 59px !important;padding-bottom: 23px !important;}&#8221;][vc_column]<div class=\"porto-u-heading  wpb_custom_7517608b0e4b490b5b9254705901207f porto-u-2039\" data-appear-animation=\"fadeIn\" data-appear-animation-delay=\"300\"><div class=\"porto-u-main-heading\"><h2   style=\"color:#777777;margin-bottom: 20px;\">A L.P.R Servi\u00e7os Log\u00edsticos LTDA \u00e9 uma empresa especializada em solu\u00e7\u00f5es de transporte e log\u00edstica, atuando com comprometimento, responsabilidade e efici\u00eancia. Contamos com uma frota mista, composta por ve\u00edculos pr\u00f3prios e agregados, o que nos garante maior flexibilidade e agilidade para atender diferentes demandas de nossos clientes.<\/h2><\/div><style>.porto-u-2039.porto-u-heading{text-align:left}<\/style><\/div>[vc_row_inner content_placement=&#8221;middle&#8221;][vc_column_inner el_class=&#8221;text-center mb-lg-0 mb-4&#8243; offset=&#8221;vc_col-md-6&#8243; css=&#8221;.vc_custom_1642915991632{padding-top: 60px !important;padding-right: 12px !important;padding-bottom: 60px !important;padding-left: 12px !important;}&#8221;]<div class=\"porto-animation custom-dots-svg custom-dots-svg-3 position-absolute\"  data-appear-animation=\"zoomIn\" data-appear-animation-delay=\"1000\"><div class=\"porto-just-icon-wrapper porto-icon none h-160 w-160\" style=\"font-size:32px;\"><i class=\"porto-icon-grid\"><\/i><\/div><\/div><div class=\"porto-animation custom-dots-svg custom-dots-svg-4 position-absolute\"  data-appear-animation=\"zoomIn\" data-appear-animation-delay=\"1200\"><div class=\"porto-just-icon-wrapper porto-icon none h-160 w-160\" style=\"font-size:32px;\"><i class=\"porto-icon-grid\"><\/i><\/div><\/div>[vc_single_image image=&#8221;814&#8243; img_size=&#8221;full&#8221; alignment=&#8221;center&#8221;][\/vc_column_inner][vc_column_inner animation_delay=&#8221;300&#8243; animation_type=&#8221;fadeIn&#8221; offset=&#8221;vc_col-md-6&#8243;][vc_column_text]<\/p>\n<p style=\"text-align: justify;\">Nosso prop\u00f3sito \u00e9 oferecer um servi\u00e7o seguro, pontual e de qualidade, sempre priorizando a satisfa\u00e7\u00e3o de nossos parceiros e a constru\u00e7\u00e3o de relacionamentos s\u00f3lidos e duradouros. Atuamos em diversos segmentos do transporte rodovi\u00e1rio, adequando nossas opera\u00e7\u00f5es de acordo com a necessidade de cada cliente, seja em pequenas, m\u00e9dias ou grandes cargas.<\/p>\n<p>[\/vc_column_text]<div class=\"porto-u-heading m-b-lg  wpb_custom_b7b3909b52e76c934972f636f650fddf porto-u-2144\"><div class=\"porto-u-sub-heading\" style=\"\">\n<p style=\"text-align: justify;\">Nosso prop\u00f3sito \u00e9 oferecer um servi\u00e7o seguro, pontual e de qualidade, sempre priorizando a satisfa\u00e7\u00e3o de nossos parceiros e a constru\u00e7\u00e3o de relacionamentos s\u00f3lidos e duradouros. Atuamos em diversos segmentos do transporte rodovi\u00e1rio, adequando nossas opera\u00e7\u00f5es de acordo com a necessidade de cada cliente, seja em pequenas, m\u00e9dias ou grandes cargas.<\/p>\n<p><\/div><style>.porto-u-2144.porto-u-heading{text-align:left}<\/style><\/div><div class=\"porto-sicon-box  vc_custom_1757108130591 icon-bordered  wpb_custom_f6c38b836c1fe798c5437a3195ebf3f8 style_1 default-icon\"><div class=\"porto-sicon-default\"><div class=\"porto-just-icon-wrapper porto-icon none\" style=\"color:#f0008c;font-size:15px;margin-right:12px;\"><i class=\"fas fa-check\"><\/i><\/div><\/div><div class=\"porto-sicon-header\"><h3 class=\"porto-sicon-title\" style=\"color:#777777;margin-bottom:5px;\">Servi\u00e7os Log\u00edsticos<\/h3><\/div> <!-- header --><\/div><!-- porto-sicon-box --><div class=\"porto-sicon-box  vc_custom_1757108136253 icon-bordered  wpb_custom_f6c38b836c1fe798c5437a3195ebf3f8 style_1 default-icon\"><div class=\"porto-sicon-default\"><div class=\"porto-just-icon-wrapper porto-icon none\" style=\"color:#f0008c;font-size:15px;margin-right:12px;\"><i class=\"fas fa-check\"><\/i><\/div><\/div><div class=\"porto-sicon-header\"><h3 class=\"porto-sicon-title\" style=\"color:#777777;margin-bottom:5px;\">Transporte de Cargas<\/h3><\/div> <!-- header --><\/div><!-- porto-sicon-box --><div class=\"porto-sicon-box icon-bordered m-b-xxl  wpb_custom_f6c38b836c1fe798c5437a3195ebf3f8 style_1 default-icon\"><div class=\"porto-sicon-default\"><div class=\"porto-just-icon-wrapper porto-icon none\" style=\"color:#f0008c;font-size:15px;margin-right:12px;\"><i class=\"fas fa-check\"><\/i><\/div><\/div><div class=\"porto-sicon-header\"><h3 class=\"porto-sicon-title\" style=\"color:#777777;margin-bottom:5px;\">Transportadora<\/h3><\/div> <!-- header --><\/div><!-- porto-sicon-box -->[vc_single_image image=&#8221;704&#8243; img_size=&#8221;full&#8221; alignment=&#8221;center&#8221; label=&#8221;&#8221;][\/vc_column_inner][\/vc_row_inner][\/vc_column][\/vc_row][vc_row css=&#8221;.vc_custom_1642920903457{background-color: #212529 !important;}&#8221;][vc_column conditional_render=&#8221;%5B%7B%22value_role%22%3A%22administrator%22%7D%5D&#8221;][vc_custom_heading text=&#8221;&#8221; el_id=&#8221;particles-1&#8243; el_class=&#8221;particles-wrapper mb-0 fill&#8221;][vc_empty_space height=&#8221;98px&#8221;]<div class=\"porto-u-heading custom-divider divider-w-50 rounded-2 overflow-hidden mx-auto m-b-sm  wpb_custom_95aa9a11c17ad45cfabaf210d84ee7cc porto-u-9002\" data-appear-animation=\"fadeInUp\"><div class=\"porto-u-heading-spacer line_only\" style=\"height:6px;\"><span class=\"porto-u-headings-line\" style=\"border-style:solid;border-bottom-width:6px;border-color:#f0008c;width:50px;\"><\/span><\/div><style>.porto-u-9002.porto-u-heading{text-align:left} .porto-u-9002 .porto-u-headings-line{float: left;}<\/style><\/div>[vc_custom_heading text=&#8221;Nossos Profissionais&#8221; font_container=&#8221;tag:h2|font_size:2.3em|text_align:center|color:%23ffffff|line_height:42px&#8221; use_theme_fonts=&#8221;yes&#8221; animation_delay=&#8221;200&#8243; el_class=&#8221;w-max-770 mx-auto mb-5&#8243; animation_type=&#8221;fadeInUp&#8221;][vc_custom_heading text=&#8221;Profissionais treinados e qualificados.&#8221; font_container=&#8221;tag:h2|font_size:1.2em|text_align:center|color:%23969696&#8243; use_theme_fonts=&#8221;yes&#8221; font_weight=&#8221;600&#8243; letter_spacing=&#8221;2.5px&#8221; animation_delay=&#8221;100&#8243; css=&#8221;.vc_custom_1757096096254{margin-bottom: -3px !important;}&#8221; animation_type=&#8221;fadeInUp&#8221;][vc_row_inner wrap_container=&#8221;yes&#8221; animation_delay=&#8221;300&#8243; css=&#8221;.vc_custom_1643418561726{margin-bottom: 81px !important;}&#8221; animation_type=&#8221;fadeIn&#8221; el_class=&#8221;counters&#8221;][vc_column_inner width=&#8221;1\/3&#8243;]<div class=\"stats-block stats-top   wpb_custom_eb32144fd1078f934b3707d20f70c5cf\"><div class=\"stats-desc\"><div id=\"counter_212105994569d2727f54011\" data-id=\"counter_212105994569d2727f54011\" class=\"stats-number\" style=\" color:#ffffff;\" data-speed=\"3\" data-counter-value=\"20\" data-separator=\",\" data-decimal=\".\">0<\/div><div class=\"counter_suffix mycust\" style=\" color:#ffffff\">+<\/div><div class=\"stats-text\" style=\"color:rgba(255,255,255,0.7);\">Frota Pr\u00f3pria<\/div><\/div><\/div>[\/vc_column_inner][vc_column_inner width=&#8221;1\/3&#8243;]<div class=\"stats-block stats-top   wpb_custom_eb32144fd1078f934b3707d20f70c5cf\"><div class=\"stats-desc\"><div id=\"counter_32164997769d2727f544f3\" data-id=\"counter_32164997769d2727f544f3\" class=\"stats-number\" style=\" color:#ffffff;\" data-speed=\"3\" data-counter-value=\"50\" data-separator=\",\" data-decimal=\".\">0<\/div><div class=\"counter_suffix mycust\" style=\" color:#ffffff\">+<\/div><div class=\"stats-text\" style=\"color:rgba(255,255,255,0.7);\">Ve\u00edculos Agregados<\/div><\/div><\/div>[\/vc_column_inner][vc_column_inner width=&#8221;1\/3&#8243;]<div class=\"stats-block stats-top   wpb_custom_eb32144fd1078f934b3707d20f70c5cf\"><div class=\"stats-desc\"><div id=\"counter_209533595769d2727f5486d\" data-id=\"counter_209533595769d2727f5486d\" class=\"stats-number\" style=\" color:#ffffff;\" data-speed=\"3\" data-counter-value=\"100\" data-separator=\",\" data-decimal=\".\">0<\/div><div class=\"counter_suffix mycust\" style=\" color:#ffffff\">%<\/div><div class=\"stats-text\" style=\"color:rgba(255,255,255,0.7);\">Clientes Satisfeitos<\/div><\/div><\/div>[\/vc_column_inner][\/vc_row_inner][\/vc_column][\/vc_row][vc_row wrap_container=&#8221;yes&#8221; css=&#8221;.vc_custom_1643419604290{background-color: #f4f9fd !important;}&#8221; el_class=&#8221;p-t-xxl pb-5&#8243;][vc_column css=&#8221;.vc_custom_1643419615009{margin-top: 38px !important;}&#8221;][vc_column_text]<img loading=\"lazy\" decoding=\"async\" class=\"size-medium wp-image-786 aligncenter\" src=\"https:\/\/lprlogistica.com.br\/wp-content\/uploads\/2025\/09\/Google-300x158.png\" alt=\"\" width=\"300\" height=\"158\" \/>[\/vc_column_text]<div class=\"porto-u-heading divider-w-50 rounded-2 overflow-hidden mx-auto m-b-sm  wpb_custom_95aa9a11c17ad45cfabaf210d84ee7cc porto-u-5237\" data-appear-animation=\"fadeInUp\"><div class=\"porto-u-heading-spacer line_only\" style=\"height:6px;\"><span class=\"porto-u-headings-line\" style=\"border-style:solid;border-bottom-width:6px;border-color:#0052cc;width:50px;\"><\/span><\/div><style>.porto-u-5237.porto-u-heading{text-align:left} .porto-u-5237 .porto-u-headings-line{float: left;}<\/style><\/div>[vc_custom_heading text=&#8221;O que os clientes dizem de n\u00f3s&#8221; font_container=&#8221;tag:h2|font_size:1.2em|text_align:center|color:%23969696&#8243; use_theme_fonts=&#8221;yes&#8221; font_weight=&#8221;600&#8243; letter_spacing=&#8221;2.5px&#8221; animation_delay=&#8221;100&#8243; css=&#8221;.vc_custom_1757080616140{margin-bottom: -3px !important;}&#8221; animation_type=&#8221;fadeInUp&#8221;][vc_custom_heading text=&#8221;Coment\u00e1rios de Clientes&#8221; font_container=&#8221;tag:h2|font_size:2.3em|text_align:center|line_height:42px&#8221; use_theme_fonts=&#8221;yes&#8221; animation_delay=&#8221;200&#8243; el_class=&#8221;w-max-770 mx-auto mb-5&#8243; animation_type=&#8221;fadeInUp&#8221;]<div class=\"porto-carousel owl-carousel has-ccols ccols-xl-2 ccols-lg-2 ccols-md-2 ccols-1 testimonial-slider m-b-xlg wpb_custom_c86c2fb53cae9eced42d4b8900a042f3 rounded-nav\" data-plugin-options=\"{&quot;stagePadding&quot;:0,&quot;margin&quot;:0,&quot;autoplay&quot;:false,&quot;mouseDrag&quot;:true,&quot;touchDrag&quot;:true,&quot;autoplayTimeout&quot;:5000,&quot;autoplayHoverPause&quot;:false,&quot;items&quot;:2,&quot;lg&quot;:2,&quot;md&quot;:2,&quot;sm&quot;:1,&quot;xs&quot;:1,&quot;nav&quot;:&quot;yes&quot;,&quot;dots&quot;:false,&quot;animateIn&quot;:&quot;&quot;,&quot;animateOut&quot;:&quot;&quot;,&quot;loop&quot;:false,&quot;center&quot;:false,&quot;video&quot;:false,&quot;lazyLoad&quot;:false,&quot;fullscreen&quot;:false}\"><div class=\"porto-testimonial wpb_content_element  custom-testimonial  wpb_custom_4760b66c0cbf51ec9a7673f3785bca75\"><div class=\"testimonial testimonial-style-3\"><blockquote><p>&#8220;A L.P.R sempre cumpre os prazos e mant\u00e9m uma comunica\u00e7\u00e3o clara durante todo o processo. Seguran\u00e7a e confian\u00e7a em cada entrega.&#8221;<\/p><\/blockquote><div class=\"testimonial-arrow-down\"><\/div><div class=\"testimonial-author\"><p><strong>Andr\u00e9 S.<\/strong><span><\/span><\/p><\/div><\/div><\/div><div class=\"porto-testimonial wpb_content_element  custom-testimonial  wpb_custom_4760b66c0cbf51ec9a7673f3785bca75\"><div class=\"testimonial testimonial-style-3\"><blockquote><p>&#8220;Contar com a frota mista da L.P.R faz toda a diferen\u00e7a. Sempre h\u00e1 um ve\u00edculo dispon\u00edvel para atender nossas demandas.&#8221;<\/p><\/blockquote><div class=\"testimonial-arrow-down\"><\/div><div class=\"testimonial-author\"><p><strong>Patr\u00edcia M.<\/strong><span><\/span><\/p><\/div><\/div><\/div><div class=\"porto-testimonial wpb_content_element  custom-testimonial  wpb_custom_4760b66c0cbf51ec9a7673f3785bca75\"><div class=\"testimonial testimonial-style-3\"><blockquote><p>&#8220;Excelente atendimento e profissionais comprometidos. Nossas opera\u00e7\u00f5es ganharam mais agilidade desde que fechamos parceria.&#8221;<\/p><\/blockquote><div class=\"testimonial-arrow-down\"><\/div><div class=\"testimonial-author\"><p><strong>Carlos R.<\/strong><span><\/span><\/p><\/div><\/div><\/div><div class=\"porto-testimonial wpb_content_element  custom-testimonial  wpb_custom_4760b66c0cbf51ec9a7673f3785bca75\"><div class=\"testimonial testimonial-style-3\"><blockquote><p><em data-start=\"599\" data-end=\"707\">&#8220;Transpar\u00eancia e responsabilidade definem a L.P.R. \u00c9 uma empresa que realmente se preocupa com o cliente.&#8221;<\/em><\/p><\/blockquote><div class=\"testimonial-arrow-down\"><\/div><div class=\"testimonial-author\"><p><strong>Fernanda L.<\/strong><span><\/span><\/p><\/div><\/div><\/div><div class=\"porto-testimonial wpb_content_element  custom-testimonial  wpb_custom_4760b66c0cbf51ec9a7673f3785bca75\"><div class=\"testimonial testimonial-style-3\"><blockquote><p><em data-start=\"740\" data-end=\"841\">&#8220;Servi\u00e7o de log\u00edstica completo e eficiente. Nunca tivemos problemas com atrasos ou danos na carga.&#8221;<\/em><\/p><\/blockquote><div class=\"testimonial-arrow-down\"><\/div><div class=\"testimonial-author\"><p><strong>Rafael T.<\/strong><span><\/span><\/p><\/div><\/div><\/div><div class=\"porto-testimonial wpb_content_element  custom-testimonial  wpb_custom_4760b66c0cbf51ec9a7673f3785bca75\"><div class=\"testimonial testimonial-style-3\"><blockquote><p><em data-start=\"872\" data-end=\"983\">&#8220;A L.P.R \u00e9 nossa parceira de confian\u00e7a no transporte. Atendimento r\u00e1pido, pre\u00e7o justo e qualidade garantida.&#8221;<\/em><\/p><\/blockquote><div class=\"testimonial-arrow-down\"><\/div><div class=\"testimonial-author\"><p><strong>Juliana P.<\/strong><span><\/span><\/p><\/div><\/div><\/div><\/div>[\/vc_column][\/vc_row]<\/p>\n<\/section>","protected":false},"excerpt":{"rendered":"<p>[vc_row wrap_container=&#8221;yes&#8221; el_class=&#8221;m-b-xxl&#8221; css=&#8221;.vc_custom_1643074542591{margin-top: 59px !important;padding-bottom: 23px !important;}&#8221;][vc_column][vc_row_inner content_placement=&#8221;middle&#8221;][vc_column_inner el_class=&#8221;text-center mb-lg-0 mb-4&#8243; offset=&#8221;vc_col-md-6&#8243; css=&#8221;.vc_custom_1642915991632{padding-top: 60px !important;padding-right: 12px !important;padding-bottom: 60px !important;padding-left: 12px !important;}&#8221;][vc_single_image image=&#8221;814&#8243; img_size=&#8221;full&#8221; alignment=&#8221;center&#8221;][\/vc_column_inner][vc_column_inner animation_delay=&#8221;300&#8243; animation_type=&#8221;fadeIn&#8221; offset=&#8221;vc_col-md-6&#8243;][vc_column_text] Nosso prop\u00f3sito \u00e9 oferecer um servi\u00e7o seguro, pontual e de qualidade, sempre priorizando a satisfa\u00e7\u00e3o de nossos parceiros e a constru\u00e7\u00e3o de relacionamentos s\u00f3lidos e duradouros. Atuamos [&hellip;]<\/p>\n","protected":false},"author":1,"featured_media":0,"parent":0,"menu_order":0,"comment_status":"closed","ping_status":"closed","template":"","meta":{"footnotes":""},"class_list":["post-41","page","type-page","status-publish","hentry"],"_links":{"self":[{"href":"https:\/\/lprlogistica.com.br\/index.php\/wp-json\/wp\/v2\/pages\/41","targetHints":{"allow":["GET"]}}],"collection":[{"href":"https:\/\/lprlogistica.com.br\/index.php\/wp-json\/wp\/v2\/pages"}],"about":[{"href":"https:\/\/lprlogistica.com.br\/index.php\/wp-json\/wp\/v2\/types\/page"}],"author":[{"embeddable":true,"href":"https:\/\/lprlogistica.com.br\/index.php\/wp-json\/wp\/v2\/users\/1"}],"replies":[{"embeddable":true,"href":"https:\/\/lprlogistica.com.br\/index.php\/wp-json\/wp\/v2\/comments?post=41"}],"version-history":[{"count":37,"href":"https:\/\/lprlogistica.com.br\/index.php\/wp-json\/wp\/v2\/pages\/41\/revisions"}],"predecessor-version":[{"id":829,"href":"https:\/\/lprlogistica.com.br\/index.php\/wp-json\/wp\/v2\/pages\/41\/revisions\/829"}],"wp:attachment":[{"href":"https:\/\/lprlogistica.com.br\/index.php\/wp-json\/wp\/v2\/media?parent=41"}],"curies":[{"name":"wp","href":"https:\/\/api.w.org\/{rel}","templated":true}]}}